{"id":53,"date":"2025-10-14T22:18:28","date_gmt":"2025-10-14T22:18:28","guid":{"rendered":"https:\/\/contrepied.ch\/?page_id=53"},"modified":"2026-02-21T20:13:53","modified_gmt":"2026-02-21T20:13:53","slug":"actualites","status":"publish","type":"page","link":"https:\/\/contrepied.ch\/","title":{"rendered":"Actualit\u00e9s"},"content":{"rendered":"<p>[et_pb_section fb_built=\u00a0\u00bb1&Prime; _builder_version=\u00a0\u00bb4.27.4&Prime; _module_preset=\u00a0\u00bbdefault\u00a0\u00bb global_colors_info=\u00a0\u00bb{}\u00a0\u00bb][et_pb_row _builder_version=\u00a0\u00bb4.27.4&Prime; _module_preset=\u00a0\u00bbdefault\u00a0\u00bb global_colors_info=\u00a0\u00bb{}\u00a0\u00bb][et_pb_column type=\u00a0\u00bb4_4&Prime; _builder_version=\u00a0\u00bb4.27.4&Prime; _module_preset=\u00a0\u00bbdefault\u00a0\u00bb global_colors_info=\u00a0\u00bb{}\u00a0\u00bb][et_pb_post_title meta=\u00a0\u00bboff\u00a0\u00bb featured_image=\u00a0\u00bboff\u00a0\u00bb _builder_version=\u00a0\u00bb4.27.4&Prime; _module_preset=\u00a0\u00bbdefault\u00a0\u00bb global_colors_info=\u00a0\u00bb{}\u00a0\u00bb][\/et_pb_post_title][et_pb_divider show_divider=\u00a0\u00bboff\u00a0\u00bb _builder_version=\u00a0\u00bb4.27.4&Prime; _module_preset=\u00a0\u00bbdefault\u00a0\u00bb global_colors_info=\u00a0\u00bb{}\u00a0\u00bb][\/et_pb_divider][et_pb_text _builder_version=\u00a0\u00bb4.27.4&Prime; _module_preset=\u00a0\u00bbdefault\u00a0\u00bb text_line_height=\u00a0\u00bb1.3em\u00a0\u00bb min_height=\u00a0\u00bb179.6px\u00a0\u00bb global_colors_info=\u00a0\u00bb{}\u00a0\u00bb]<\/p>\n<h2>Prochain \u00c9v\u00e9nement : 20, 21, 22 Mars 2026<\/h2>\n<p>Dans le cadre de la Journ\u00e9e Mondiale de la Po\u00e9sie 2026 proclam\u00e9e par l\u2019UNESCO.<br \/>Th\u00e8me 2026 : \u00ab La Libert\u00e9 force vive, D\u00e9ploy\u00e9e \u00bb.<\/p>\n<p><span style=\"font-size: large;\">Soir\u00e9es \u00ab<\/span><span style=\"font-size: large;\"><strong>ContrePied<\/strong>\u00bb &#8211; <em>\u00c9v\u00e8nement Artistique Sc\u00e9nique Biel\/Bienne<\/em><\/span><\/p>\n<p><span style=\"text-decoration: underline;\">Les 20 &amp; 21 Mars \u00e0 20h<br \/><\/span><span style=\"text-decoration: underline;\">Le 22 Mars \u00e0 17h<\/span><\/p>\n<p><em>Le Grenier de l\u2019Ancienne Couronne<br \/><\/em><em>Rue Haute 1<br \/>CH-2502 <\/em><em>Biel \/ Bienne<\/em><\/p>\n<p><strong>Entr\u00e9e et participation financi\u00e8re libre et souhait\u00e9e.<\/strong><\/p>\n<p>[\/et_pb_text][\/et_pb_column][\/et_pb_row][et_pb_row _builder_version=\u00a0\u00bb4.27.4&Prime; _module_preset=\u00a0\u00bbdefault\u00a0\u00bb global_colors_info=\u00a0\u00bb{}\u00a0\u00bb][et_pb_column type=\u00a0\u00bb4_4&Prime; _builder_version=\u00a0\u00bb4.27.4&Prime; _module_preset=\u00a0\u00bbdefault\u00a0\u00bb global_colors_info=\u00a0\u00bb{}\u00a0\u00bb][\/et_pb_column][\/et_pb_row][\/et_pb_section]<\/p>\n","protected":false},"excerpt":{"rendered":"<p>Prochain \u00c9v\u00e9nement : 20, 21, 22 Mars 2026 Dans le cadre de la Journ\u00e9e Mondiale de la Po\u00e9sie 2026 proclam\u00e9e par l\u2019UNESCO.Th\u00e8me 2026 : \u00ab La Libert\u00e9 force vive, D\u00e9ploy\u00e9e \u00bb. Soir\u00e9es \u00abContrePied\u00bb &#8211; \u00c9v\u00e8nement Artistique Sc\u00e9nique Biel\/Bienne Les 20 &amp; 21 Mars \u00e0 20hLe 22 Mars \u00e0 17h Le Grenier de l\u2019Ancienne CouronneRue Haute [&hellip;]<\/p>\n","protected":false},"author":1,"featured_media":0,"parent":0,"menu_order":0,"comment_status":"closed","ping_status":"closed","template":"","meta":{"_et_pb_use_builder":"on","_et_pb_old_content":"","_et_gb_content_width":"","footnotes":""},"class_list":["post-53","page","type-page","status-publish","hentry"],"lang":"fr","translations":{"fr":53,"de":65},"pll_sync_post":[],"_links":{"self":[{"href":"https:\/\/contrepied.ch\/index.php\/wp-json\/wp\/v2\/pages\/53","targetHints":{"allow":["GET"]}}],"collection":[{"href":"https:\/\/contrepied.ch\/index.php\/wp-json\/wp\/v2\/pages"}],"about":[{"href":"https:\/\/contrepied.ch\/index.php\/wp-json\/wp\/v2\/types\/page"}],"author":[{"embeddable":true,"href":"https:\/\/contrepied.ch\/index.php\/wp-json\/wp\/v2\/users\/1"}],"replies":[{"embeddable":true,"href":"https:\/\/contrepied.ch\/index.php\/wp-json\/wp\/v2\/comments?post=53"}],"version-history":[{"count":20,"href":"https:\/\/contrepied.ch\/index.php\/wp-json\/wp\/v2\/pages\/53\/revisions"}],"predecessor-version":[{"id":143,"href":"https:\/\/contrepied.ch\/index.php\/wp-json\/wp\/v2\/pages\/53\/revisions\/143"}],"wp:attachment":[{"href":"https:\/\/contrepied.ch\/index.php\/wp-json\/wp\/v2\/media?parent=53"}],"curies":[{"name":"wp","href":"https:\/\/api.w.org\/{rel}","templated":true}]}}