{"id":65,"date":"2025-10-14T22:21:42","date_gmt":"2025-10-14T22:21:42","guid":{"rendered":"https:\/\/contrepied.ch\/?page_id=65"},"modified":"2026-02-21T20:16:01","modified_gmt":"2026-02-21T20:16:01","slug":"aktuelles","status":"publish","type":"page","link":"https:\/\/contrepied.ch\/index.php\/de\/aktuelles\/","title":{"rendered":"Aktuelles"},"content":{"rendered":"<p>[et_pb_section fb_built=\u00a0\u00bb1&Prime; _builder_version=\u00a0\u00bb4.27.4&Prime; _module_preset=\u00a0\u00bbdefault\u00a0\u00bb global_colors_info=\u00a0\u00bb{}\u00a0\u00bb][et_pb_row _builder_version=\u00a0\u00bb4.27.4&Prime; _module_preset=\u00a0\u00bbdefault\u00a0\u00bb global_colors_info=\u00a0\u00bb{}\u00a0\u00bb][et_pb_column type=\u00a0\u00bb4_4&Prime; _builder_version=\u00a0\u00bb4.27.4&Prime; _module_preset=\u00a0\u00bbdefault\u00a0\u00bb global_colors_info=\u00a0\u00bb{}\u00a0\u00bb][et_pb_post_title meta=\u00a0\u00bboff\u00a0\u00bb featured_image=\u00a0\u00bboff\u00a0\u00bb _builder_version=\u00a0\u00bb4.27.4&Prime; _module_preset=\u00a0\u00bbdefault\u00a0\u00bb global_colors_info=\u00a0\u00bb{}\u00a0\u00bb][\/et_pb_post_title][\/et_pb_column][\/et_pb_row][et_pb_row _builder_version=\u00a0\u00bb4.27.4&Prime; _module_preset=\u00a0\u00bbdefault\u00a0\u00bb global_colors_info=\u00a0\u00bb{}\u00a0\u00bb][et_pb_column type=\u00a0\u00bb4_4&Prime; _builder_version=\u00a0\u00bb4.27.4&Prime; _module_preset=\u00a0\u00bbdefault\u00a0\u00bb global_colors_info=\u00a0\u00bb{}\u00a0\u00bb][et_pb_text _builder_version=\u00a0\u00bb4.27.5&Prime; _module_preset=\u00a0\u00bbdefault\u00a0\u00bb text_line_height=\u00a0\u00bb1.4em\u00a0\u00bb hover_enabled=\u00a0\u00bb0&Prime; global_colors_info=\u00a0\u00bb{}\u00a0\u00bb sticky_enabled=\u00a0\u00bb0&Prime;]<\/p>\n<h2>N\u00e4chste Termine 20., 21., 22. M\u00e4rz 2026<\/h2>\n<p>Veranstaltung \u201eContrePied\u201c &#8211; szenisch artistischer Event Biel\/Bienne<\/p>\n<p>aus Anlass des UNESCO- Welttags der Poesie unter dem Motto<\/p>\n<h4>\u201eDie Freiheit &#8211; entfaltet als lebendige Kraft\u201c<\/h4>\n<p><strong>ContrePied<\/strong> &#8211; Domaine et Action Po\u00e9tique<\/p>\n<p><span style=\"text-decoration: underline;\">20. und 21 M\u00e4rz um 20 Uhr<\/span><br \/><span style=\"text-decoration: underline;\">22. M\u00e4rz um 17 Uhr<\/span><\/p>\n<p><strong><\/strong><em>Dachstock Alte Krone<\/em><br \/><em>Obergasse 1<br \/>2502 Biel\/Bienne<\/em><\/p>\n<p><strong>Eintritt: Gew\u00fcnschte, freie Kollekte.<\/strong><\/p>\n<p>[\/et_pb_text][\/et_pb_column][\/et_pb_row][\/et_pb_section]<\/p>\n","protected":false},"excerpt":{"rendered":"<p>N\u00e4chste Termine 20., 21., 22. M\u00e4rz 2026 Veranstaltung \u201eContrePied\u201c &#8211; szenisch artistischer Event Biel\/Bienne aus Anlass des UNESCO- Welttags der Poesie unter dem Motto \u201eDie Freiheit &#8211; entfaltet als lebendige Kraft\u201c ContrePied &#8211; Domaine et Action Po\u00e9tique 20. und 21 M\u00e4rz um 20 Uhr22. M\u00e4rz um 17 Uhr Dachstock Alte KroneObergasse 12502 Biel\/Bienne Eintritt: Gew\u00fcnschte, [&hellip;]<\/p>\n","protected":false},"author":1,"featured_media":0,"parent":0,"menu_order":0,"comment_status":"closed","ping_status":"closed","template":"","meta":{"_et_pb_use_builder":"on","_et_pb_old_content":"","_et_gb_content_width":"","footnotes":""},"class_list":["post-65","page","type-page","status-publish","hentry"],"lang":"de","translations":{"de":65,"fr":53},"pll_sync_post":[],"_links":{"self":[{"href":"https:\/\/contrepied.ch\/index.php\/wp-json\/wp\/v2\/pages\/65","targetHints":{"allow":["GET"]}}],"collection":[{"href":"https:\/\/contrepied.ch\/index.php\/wp-json\/wp\/v2\/pages"}],"about":[{"href":"https:\/\/contrepied.ch\/index.php\/wp-json\/wp\/v2\/types\/page"}],"author":[{"embeddable":true,"href":"https:\/\/contrepied.ch\/index.php\/wp-json\/wp\/v2\/users\/1"}],"replies":[{"embeddable":true,"href":"https:\/\/contrepied.ch\/index.php\/wp-json\/wp\/v2\/comments?post=65"}],"version-history":[{"count":8,"href":"https:\/\/contrepied.ch\/index.php\/wp-json\/wp\/v2\/pages\/65\/revisions"}],"predecessor-version":[{"id":146,"href":"https:\/\/contrepied.ch\/index.php\/wp-json\/wp\/v2\/pages\/65\/revisions\/146"}],"wp:attachment":[{"href":"https:\/\/contrepied.ch\/index.php\/wp-json\/wp\/v2\/media?parent=65"}],"curies":[{"name":"wp","href":"https:\/\/api.w.org\/{rel}","templated":true}]}}